{"id":7412,"date":"2024-08-17T12:35:10","date_gmt":"2024-08-17T12:35:10","guid":{"rendered":"https:\/\/elo-vom-schwarzen-see.de\/?page_id=7412"},"modified":"2024-08-23T11:00:33","modified_gmt":"2024-08-23T11:00:33","slug":"sahila","status":"publish","type":"page","link":"https:\/\/elo-vom-schwarzen-see.de\/?page_id=7412","title":{"rendered":"Sahila"},"content":{"rendered":"\t\t<div data-elementor-type=\"wp-page\" data-elementor-id=\"7412\" class=\"elementor elementor-7412\">\n\t\t\t\t\t\t<section class=\"elementor-section elementor-top-section elementor-element elementor-element-cad6528 elementor-section-boxed elementor-section-height-default elementor-section-height-default\" data-id=\"cad6528\" data-element_type=\"section\" data-e-type=\"section\">\n\t\t\t\t\t\t<div class=\"elementor-container elementor-column-gap-default\">\n\t\t\t\t\t<div class=\"elementor-column elementor-col-100 elementor-top-column elementor-element elementor-element-7b7390b\" data-id=\"7b7390b\" data-element_type=\"column\" data-e-type=\"column\">\n\t\t\t<div class=\"elementor-widget-wrap elementor-element-populated\">\n\t\t\t\t\t\t<div class=\"elementor-element elementor-element-dca9827 elementor-widget elementor-widget-wp-widget-menubar\" data-id=\"dca9827\" data-element_type=\"widget\" data-e-type=\"widget\" data-widget_type=\"wp-widget-menubar.default\">\n\t\t\t\t<div class=\"elementor-widget-container\">\n\t\t\t\t\t<!-- WP Menubar 5.9.4: start menu Unsere Hunde, template Superfish, CSS ssf-green.css -->\n\r\n<script type=\"text\/javascript\">\r\n\/\/ <![CDATA[\r\njQuery(document).ready(function($) {\r\n$(\"ul.ssf-green\").superfish ({\r\n    hoverClass:    \"wpm-hover\",        \r\n    delay:         500,                \r\n    animation:     {opacity:\"show\"}, \r\n    speed:         \"slow\",         \r\n    autoArrows:    true,               \r\n    dropShadows:   true,               \r\n    disableHI:     true\r\n});\r\n}); \r\n\/\/ ]]>\r\n<\/script>\r\n\r\n<div class=\"ssf-green-wrap\">\r\n<ul class=\"ssf-green\"><li><a href=\"https:\/\/elo-vom-schwarzen-see.de\/?page_id=490\" >Orika<\/a><\/li><li><a href=\"https:\/\/elo-vom-schwarzen-see.de\/?page_id=2745\" >Quanda<\/a><\/li><li><a href=\"https:\/\/elo-vom-schwarzen-see.de\/?page_id=7412\" >Sahila<\/a><\/li><li><a href=\"https:\/\/elo-vom-schwarzen-see.de\/?page_id=7417\" >Yin<\/a><\/li><li><a href=\"https:\/\/elo-vom-schwarzen-see.de\/?page_id=498\" >Aska ( in Memory )<\/a><\/li><li><a href=\"https:\/\/elo-vom-schwarzen-see.de\/?page_id=499\" >Banjy ( Bonny ) [ in Memory ]<\/a><\/li><li><a href=\"https:\/\/elo-vom-schwarzen-see.de\/?page_id=496\" >Bonni I ( in Memory )<\/a><\/li><li><a href=\"https:\/\/elo-vom-schwarzen-see.de\/?page_id=494\" >Gleenga ( in Memory )<\/a><\/li><li><a href=\"https:\/\/elo-vom-schwarzen-see.de\/?page_id=488\" >Iliaana ( in Memory )<\/a><\/li><\/ul>\r\n<\/div>\r\n<div class=\"ssf-green-after\"><\/div>\r\n<!-- WP Menubar 5.9.4: end menu Unsere Hunde, template Superfish, CSS ssf-green.css -->\n\t\t\t\t<\/div>\n\t\t\t\t<\/div>\n\t\t\t\t\t<\/div>\n\t\t<\/div>\n\t\t\t\t\t<\/div>\n\t\t<\/section>\n\t\t\t\t<section class=\"elementor-section elementor-top-section elementor-element elementor-element-75f5042 elementor-section-boxed elementor-section-height-default elementor-section-height-default\" data-id=\"75f5042\" data-element_type=\"section\" data-e-type=\"section\">\n\t\t\t\t\t\t<div class=\"elementor-container elementor-column-gap-default\">\n\t\t\t\t\t<div class=\"elementor-column elementor-col-100 elementor-top-column elementor-element elementor-element-f6b1501\" data-id=\"f6b1501\" data-element_type=\"column\" data-e-type=\"column\">\n\t\t\t<div class=\"elementor-widget-wrap elementor-element-populated\">\n\t\t\t\t\t\t<div class=\"elementor-element elementor-element-b7188ad elementor-widget elementor-widget-heading\" data-id=\"b7188ad\" data-element_type=\"widget\" data-e-type=\"widget\" data-widget_type=\"heading.default\">\n\t\t\t\t<div class=\"elementor-widget-container\">\n\t\t\t\t\t<h2 class=\"elementor-heading-title elementor-size-default\">Sahila vom schwarzen See<\/h2>\t\t\t\t<\/div>\n\t\t\t\t<\/div>\n\t\t\t\t\t<\/div>\n\t\t<\/div>\n\t\t\t\t\t<\/div>\n\t\t<\/section>\n\t\t\t\t<section class=\"elementor-section elementor-top-section elementor-element elementor-element-9203da1 elementor-section-boxed elementor-section-height-default elementor-section-height-default\" data-id=\"9203da1\" data-element_type=\"section\" data-e-type=\"section\">\n\t\t\t\t\t\t<div class=\"elementor-container elementor-column-gap-default\">\n\t\t\t\t\t<div class=\"elementor-column elementor-col-50 elementor-top-column elementor-element elementor-element-14d04421\" data-id=\"14d04421\" data-element_type=\"column\" data-e-type=\"column\">\n\t\t\t<div class=\"elementor-widget-wrap elementor-element-populated\">\n\t\t\t\t\t\t<div class=\"elementor-element elementor-element-2fece315 elementor-widget elementor-widget-image\" data-id=\"2fece315\" data-element_type=\"widget\" data-e-type=\"widget\" data-widget_type=\"image.default\">\n\t\t\t\t<div class=\"elementor-widget-container\">\n\t\t\t\t\t\t\t\t\t\t\t\t<figure class=\"wp-caption\">\n\t\t\t\t\t\t\t\t\t\t\t<a href=\"https:\/\/elo-vom-schwarzen-see.de\/wp-content\/uploads\/2024\/03\/IMG_0302.jpg\" data-elementor-open-lightbox=\"yes\" data-elementor-lightbox-title=\"IMG_0302\" data-e-action-hash=\"#elementor-action%3Aaction%3Dlightbox%26settings%3DeyJpZCI6Njk0MCwidXJsIjoiaHR0cHM6XC9cL2Vsby12b20tc2Nod2FyemVuLXNlZS5kZVwvd3AtY29udGVudFwvdXBsb2Fkc1wvMjAyNFwvMDNcL0lNR18wMzAyLmpwZyJ9\">\n\t\t\t\t\t\t\t<img fetchpriority=\"high\" decoding=\"async\" width=\"200\" height=\"300\" src=\"https:\/\/elo-vom-schwarzen-see.de\/wp-content\/uploads\/2024\/03\/IMG_0302-200x300.jpg\" class=\"attachment-medium size-medium wp-image-6940\" alt=\"\" srcset=\"https:\/\/elo-vom-schwarzen-see.de\/wp-content\/uploads\/2024\/03\/IMG_0302-200x300.jpg 200w, https:\/\/elo-vom-schwarzen-see.de\/wp-content\/uploads\/2024\/03\/IMG_0302-230x345.jpg 230w, https:\/\/elo-vom-schwarzen-see.de\/wp-content\/uploads\/2024\/03\/IMG_0302-350x525.jpg 350w, https:\/\/elo-vom-schwarzen-see.de\/wp-content\/uploads\/2024\/03\/IMG_0302-480x720.jpg 480w, https:\/\/elo-vom-schwarzen-see.de\/wp-content\/uploads\/2024\/03\/IMG_0302-400x600.jpg 400w, https:\/\/elo-vom-schwarzen-see.de\/wp-content\/uploads\/2024\/03\/IMG_0302.jpg 533w\" sizes=\"(max-width: 200px) 100vw, 200px\" \/>\t\t\t\t\t\t\t\t<\/a>\n\t\t\t\t\t\t\t\t\t\t\t<figcaption class=\"widget-image-caption wp-caption-text\">Sahila vom schwarzen See<\/figcaption>\n\t\t\t\t\t\t\t\t\t\t<\/figure>\n\t\t\t\t\t\t\t\t\t<\/div>\n\t\t\t\t<\/div>\n\t\t\t\t\t<\/div>\n\t\t<\/div>\n\t\t\t\t<div class=\"elementor-column elementor-col-50 elementor-top-column elementor-element elementor-element-5c42ea0\" data-id=\"5c42ea0\" data-element_type=\"column\" data-e-type=\"column\">\n\t\t\t<div class=\"elementor-widget-wrap elementor-element-populated\">\n\t\t\t\t\t\t<div class=\"elementor-element elementor-element-fd3ab44 elementor-widget elementor-widget-shortcode\" data-id=\"fd3ab44\" data-element_type=\"widget\" data-e-type=\"widget\" data-widget_type=\"shortcode.default\">\n\t\t\t\t<div class=\"elementor-widget-container\">\n\t\t\t\t\t\t\t<div class=\"elementor-shortcode\">\n<table id=\"tablepress-2\" class=\"tablepress tablepress-id-2\">\n<thead>\n<tr class=\"row-1 odd\">\n\t<th colspan=\"3\" class=\"column-1\"><strong><p style=\"text-align: center;\"><strong>Sahila vom schwarzen See<\/strong><\/p<\/strong><\/th>\n<\/tr>\n<\/thead>\n<tbody class=\"row-hover\">\n<tr class=\"row-2 even\">\n\t<td class=\"column-1\">Geboren:<\/td><td class=\"column-2\">10.06.2019<\/td><td class=\"column-3\"><\/td>\n<\/tr>\n<tr class=\"row-3 odd\">\n\t<td class=\"column-1\">Gr\u00f6\u00dfe :<\/td><td class=\"column-2\"> 52 cm<\/td><td class=\"column-3\">HD: A1\u00a0 \u00a0\u00a0<\/td>\n<\/tr>\n<tr class=\"row-4 even\">\n\t<td class=\"column-1\">Augen: Distichien<br \/>\nGonioskopie\u00a0 ohne Befund<\/td><td class=\"column-2\"><\/td><td class=\"column-3\">Patella: Grad 0\u00a0<\/td>\n<\/tr>\n<tr class=\"row-5 odd\">\n\t<td class=\"column-1\"><\/td><td class=\"column-2\"><\/td><td class=\"column-3\"><\/td>\n<\/tr>\n<tr class=\"row-6 even\">\n\t<td class=\"column-1\"><strong>Wesensbeurteilung: sehr gut   Stufe 2<\/strong><\/td><td class=\"column-2\"><\/td><td class=\"column-3\"><\/td>\n<\/tr>\n<tr class=\"row-7 odd\">\n\t<td class=\"column-1\"><strong>\u00c4u\u00dfere Beurteilung: vorz\u00fcglich Stufe 2<\/strong><\/td><td class=\"column-2\"><\/td><td class=\"column-3\"><\/td>\n<\/tr>\n<tr class=\"row-8 even\">\n\t<td class=\"column-1\">Sahilai\u00b4s Eltern<\/td><td class=\"column-2\"><\/td><td class=\"column-3\"><\/td>\n<\/tr>\n<tr class=\"row-9 odd\">\n\t<td class=\"column-1\">Mutter<\/td><td colspan=\"2\" class=\"column-2\">Quanda vom schwarzen See<\/td>\n<\/tr>\n<tr class=\"row-10 even\">\n\t<td class=\"column-1\">Vater:<\/td><td colspan=\"2\" class=\"column-2\">Orwell vom Wolfsberg<\/td>\n<\/tr>\n<\/tbody>\n<\/table>\n<!-- #tablepress-2 from cache --><\/div>\n\t\t\t\t\t\t<\/div>\n\t\t\t\t<\/div>\n\t\t\t\t\t<\/div>\n\t\t<\/div>\n\t\t\t\t\t<\/div>\n\t\t<\/section>\n\t\t\t\t<\/div>\n\t\t","protected":false},"excerpt":{"rendered":"<p>Sahila vom schwarzen See Sahila vom schwarzen See<\/p>\n","protected":false},"author":2,"featured_media":0,"parent":0,"menu_order":0,"comment_status":"closed","ping_status":"closed","template":"","meta":{"footnotes":""},"class_list":["post-7412","page","type-page","status-publish","hentry"],"publishpress_future_action":{"enabled":false,"date":"2026-04-24 05:57:02","action":"change-status","newStatus":"draft","terms":[],"taxonomy":""},"publishpress_future_workflow_manual_trigger":{"enabledWorkflows":[]},"_links":{"self":[{"href":"https:\/\/elo-vom-schwarzen-see.de\/index.php?rest_route=\/wp\/v2\/pages\/7412"}],"collection":[{"href":"https:\/\/elo-vom-schwarzen-see.de\/index.php?rest_route=\/wp\/v2\/pages"}],"about":[{"href":"https:\/\/elo-vom-schwarzen-see.de\/index.php?rest_route=\/wp\/v2\/types\/page"}],"author":[{"embeddable":true,"href":"https:\/\/elo-vom-schwarzen-see.de\/index.php?rest_route=\/wp\/v2\/users\/2"}],"replies":[{"embeddable":true,"href":"https:\/\/elo-vom-schwarzen-see.de\/index.php?rest_route=%2Fwp%2Fv2%2Fcomments&post=7412"}],"version-history":[{"count":32,"href":"https:\/\/elo-vom-schwarzen-see.de\/index.php?rest_route=\/wp\/v2\/pages\/7412\/revisions"}],"predecessor-version":[{"id":7533,"href":"https:\/\/elo-vom-schwarzen-see.de\/index.php?rest_route=\/wp\/v2\/pages\/7412\/revisions\/7533"}],"wp:attachment":[{"href":"https:\/\/elo-vom-schwarzen-see.de\/index.php?rest_route=%2Fwp%2Fv2%2Fmedia&parent=7412"}],"curies":[{"name":"wp","href":"https:\/\/api.w.org\/{rel}","templated":true}]}}