{"id":499,"date":"2018-11-10T10:26:08","date_gmt":"2018-11-10T10:26:08","guid":{"rendered":"http:\/\/evss.elo-vom-schwarzen-see.de\/?page_id=499"},"modified":"2018-11-10T10:26:08","modified_gmt":"2018-11-10T10:26:08","slug":"banja-bonny-in-memory","status":"publish","type":"page","link":"https:\/\/elo-vom-schwarzen-see.de\/?page_id=499","title":{"rendered":"Banja [ Bonny] ( in Memory )"},"content":{"rendered":"\t\t<div data-elementor-type=\"wp-post\" data-elementor-id=\"499\" class=\"elementor elementor-499\">\n\t\t\t\t\t\t<section class=\"elementor-section elementor-top-section elementor-element elementor-element-76e9f02 elementor-section-boxed elementor-section-height-default elementor-section-height-default\" data-id=\"76e9f02\" data-element_type=\"section\" data-e-type=\"section\">\n\t\t\t\t\t\t<div class=\"elementor-container elementor-column-gap-default\">\n\t\t\t\t\t<div class=\"elementor-column elementor-col-100 elementor-top-column elementor-element elementor-element-2813e80\" data-id=\"2813e80\" data-element_type=\"column\" data-e-type=\"column\">\n\t\t\t<div class=\"elementor-widget-wrap elementor-element-populated\">\n\t\t\t\t\t\t<div class=\"elementor-element elementor-element-c056633 elementor-widget elementor-widget-wp-widget-menubar\" data-id=\"c056633\" data-element_type=\"widget\" data-e-type=\"widget\" data-widget_type=\"wp-widget-menubar.default\">\n\t\t\t\t<div class=\"elementor-widget-container\">\n\t\t\t\t\t<!-- WP Menubar 5.9.4: start menu Unsere Hunde, template Superfish, CSS ssf-green.css -->\n\r\n<script type=\"text\/javascript\">\r\n\/\/ <![CDATA[\r\njQuery(document).ready(function($) {\r\n$(\"ul.ssf-green\").superfish ({\r\n    hoverClass:    \"wpm-hover\",        \r\n    delay:         500,                \r\n    animation:     {opacity:\"show\"}, \r\n    speed:         \"slow\",         \r\n    autoArrows:    true,               \r\n    dropShadows:   true,               \r\n    disableHI:     true\r\n});\r\n}); \r\n\/\/ ]]>\r\n<\/script>\r\n\r\n<div class=\"ssf-green-wrap\">\r\n<ul class=\"ssf-green\"><li><a href=\"https:\/\/elo-vom-schwarzen-see.de\/?page_id=490\" >Orika<\/a><\/li><li><a href=\"https:\/\/elo-vom-schwarzen-see.de\/?page_id=2745\" >Quanda<\/a><\/li><li><a href=\"https:\/\/elo-vom-schwarzen-see.de\/?page_id=7412\" >Sahila<\/a><\/li><li><a href=\"https:\/\/elo-vom-schwarzen-see.de\/?page_id=7417\" >Yin<\/a><\/li><li><a href=\"https:\/\/elo-vom-schwarzen-see.de\/?page_id=498\" >Aska ( in Memory )<\/a><\/li><li><a href=\"https:\/\/elo-vom-schwarzen-see.de\/?page_id=499\" >Banjy ( Bonny ) [ in Memory ]<\/a><\/li><li><a href=\"https:\/\/elo-vom-schwarzen-see.de\/?page_id=496\" >Bonni I ( in Memory )<\/a><\/li><li><a href=\"https:\/\/elo-vom-schwarzen-see.de\/?page_id=494\" >Gleenga ( in Memory )<\/a><\/li><li><a href=\"https:\/\/elo-vom-schwarzen-see.de\/?page_id=488\" >Iliaana ( in Memory )<\/a><\/li><\/ul>\r\n<\/div>\r\n<div class=\"ssf-green-after\"><\/div>\r\n<!-- WP Menubar 5.9.4: end menu Unsere Hunde, template Superfish, CSS ssf-green.css -->\n\t\t\t\t<\/div>\n\t\t\t\t<\/div>\n\t\t\t\t\t<\/div>\n\t\t<\/div>\n\t\t\t\t\t<\/div>\n\t\t<\/section>\n\t\t\t\t<section class=\"elementor-section elementor-top-section elementor-element elementor-element-5f4657f elementor-section-boxed elementor-section-height-default elementor-section-height-default\" data-id=\"5f4657f\" data-element_type=\"section\" data-e-type=\"section\">\n\t\t\t\t\t\t<div class=\"elementor-container elementor-column-gap-default\">\n\t\t\t\t\t<div class=\"elementor-column elementor-col-100 elementor-top-column elementor-element elementor-element-9112cd5\" data-id=\"9112cd5\" data-element_type=\"column\" data-e-type=\"column\">\n\t\t\t<div class=\"elementor-widget-wrap elementor-element-populated\">\n\t\t\t\t\t\t<div class=\"elementor-element elementor-element-a9402ec elementor-widget elementor-widget-heading\" data-id=\"a9402ec\" data-element_type=\"widget\" data-e-type=\"widget\" data-widget_type=\"heading.default\">\n\t\t\t\t<div class=\"elementor-widget-container\">\n\t\t\t\t\t<h2 class=\"elementor-heading-title elementor-size-default\">Banja ( Bonny ) vom Schwarzen See<\/h2>\t\t\t\t<\/div>\n\t\t\t\t<\/div>\n\t\t\t\t\t<\/div>\n\t\t<\/div>\n\t\t\t\t\t<\/div>\n\t\t<\/section>\n\t\t\t\t<section class=\"elementor-section elementor-top-section elementor-element elementor-element-4fe6dcd elementor-section-boxed elementor-section-height-default elementor-section-height-default\" data-id=\"4fe6dcd\" data-element_type=\"section\" data-e-type=\"section\">\n\t\t\t\t\t\t<div class=\"elementor-container elementor-column-gap-default\">\n\t\t\t\t\t<div class=\"elementor-column elementor-col-50 elementor-top-column elementor-element elementor-element-9e1ee37\" data-id=\"9e1ee37\" data-element_type=\"column\" data-e-type=\"column\">\n\t\t\t<div class=\"elementor-widget-wrap elementor-element-populated\">\n\t\t\t\t\t\t<div class=\"elementor-element elementor-element-7a9fbab elementor-widget elementor-widget-image\" data-id=\"7a9fbab\" data-element_type=\"widget\" data-e-type=\"widget\" data-widget_type=\"image.default\">\n\t\t\t\t<div class=\"elementor-widget-container\">\n\t\t\t\t\t\t\t\t\t\t\t\t<figure class=\"wp-caption\">\n\t\t\t\t\t\t\t\t\t\t\t<a href=\"http:\/\/evss.elo-vom-schwarzen-see.de\/wp-content\/uploads\/2019\/04\/Bonny-2.jpg\" data-elementor-open-lightbox=\"yes\" data-e-action-hash=\"#elementor-action%3Aaction%3Dlightbox%26settings%3DeyJpZCI6Mjc4MiwidXJsIjpmYWxzZX0%3D\">\n\t\t\t\t\t\t\t<img decoding=\"async\" src=\"http:\/\/evss.elo-vom-schwarzen-see.de\/wp-content\/uploads\/2019\/04\/Bonny-2.jpg\" title=\"\" alt=\"\" loading=\"lazy\" \/>\t\t\t\t\t\t\t\t<\/a>\n\t\t\t\t\t\t\t\t\t\t\t<figcaption class=\"widget-image-caption wp-caption-text\">Banja ( Bonny ) von der kleinen Oase<\/figcaption>\n\t\t\t\t\t\t\t\t\t\t<\/figure>\n\t\t\t\t\t\t\t\t\t<\/div>\n\t\t\t\t<\/div>\n\t\t\t\t\t<\/div>\n\t\t<\/div>\n\t\t\t\t<div class=\"elementor-column elementor-col-50 elementor-top-column elementor-element elementor-element-bacacaf\" data-id=\"bacacaf\" data-element_type=\"column\" data-e-type=\"column\">\n\t\t\t<div class=\"elementor-widget-wrap elementor-element-populated\">\n\t\t\t\t\t\t<div class=\"elementor-element elementor-element-9e1ae67 elementor-widget elementor-widget-text-editor\" data-id=\"9e1ae67\" data-element_type=\"widget\" data-e-type=\"widget\" data-widget_type=\"text-editor.default\">\n\t\t\t\t<div class=\"elementor-widget-container\">\n\t\t\t\t\t\t\t\t\t<table style=\"height: 221px; width: 394px;\" width=\"817\"><tbody><tr><td style=\"width: 184px;\">* 20.01.1998<\/td><td style=\"width: 194px;\">\u2020 19.04.2013<\/td><\/tr><tr><td style=\"width: 184px;\">Gr\u00f6\u00dfe : 54 cm<\/td><td style=\"width: 194px;\">HD: B \u00a0\u00a0\u00a0\u00a0\u00a0Augen: frei<\/td><\/tr><tr><td style=\"width: 184px; text-align: center;\">\u00a0<\/td><td style=\"width: 194px; text-align: center;\">\u00a0<\/td><\/tr><tr><td style=\"width: 384px; text-align: center;\" colspan=\"2\"><b>Banja\u2018s Eltern<\/b><\/td><\/tr><tr><td style=\"width: 184px;\">Mutter<\/td><td style=\"width: 194px;\">Bonni von der kleinen Oase<\/td><\/tr><tr><td style=\"width: 184px;\">Vater<\/td><td style=\"width: 194px;\">Yamo von der kleinen Oase<\/td><\/tr><\/tbody><\/table>\t\t\t\t\t\t\t\t<\/div>\n\t\t\t\t<\/div>\n\t\t\t\t\t<\/div>\n\t\t<\/div>\n\t\t\t\t\t<\/div>\n\t\t<\/section>\n\t\t\t\t<section class=\"elementor-section elementor-top-section elementor-element elementor-element-9030244 elementor-section-boxed elementor-section-height-default elementor-section-height-default\" data-id=\"9030244\" data-element_type=\"section\" data-e-type=\"section\">\n\t\t\t\t\t\t<div class=\"elementor-container elementor-column-gap-default\">\n\t\t\t\t\t<div class=\"elementor-column elementor-col-50 elementor-top-column elementor-element elementor-element-6b88f3c\" data-id=\"6b88f3c\" data-element_type=\"column\" data-e-type=\"column\">\n\t\t\t<div class=\"elementor-widget-wrap elementor-element-populated\">\n\t\t\t\t\t\t<div class=\"elementor-element elementor-element-c2c084f elementor-widget elementor-widget-text-editor\" data-id=\"c2c084f\" data-element_type=\"widget\" data-e-type=\"widget\" data-widget_type=\"text-editor.default\">\n\t\t\t\t<div class=\"elementor-widget-container\">\n\t\t\t\t\t\t\t\t\t<p>Bonny kam mit 5 Jahren zu uns zur\u00fcck, weil ihre Besitzer einfach zu wenig Zeit f\u00fcr sie hatten. Ihre Lebensumst\u00e4nde hatten sich\u00a0 so ver\u00e4ndert, fass sie sie schweren Herzens wieder abgeben mussten. Bonny hat sich bei uns gleich wieder wohl gef\u00fchlt und sich mit Aska und ihrer Mutter ein gutes Team gebildet. Bonny war die Mutter von unserem F- und G-Wurf. Auch sie hatte tolle Welpen und mit deren Besitzern haben wir zum gro\u00dfen Teil immer noch guten Kontakt.<\/p>\t\t\t\t\t\t\t\t<\/div>\n\t\t\t\t<\/div>\n\t\t\t\t\t<\/div>\n\t\t<\/div>\n\t\t\t\t<div class=\"elementor-column elementor-col-50 elementor-top-column elementor-element elementor-element-dbfe736\" data-id=\"dbfe736\" data-element_type=\"column\" data-e-type=\"column\">\n\t\t\t<div class=\"elementor-widget-wrap elementor-element-populated\">\n\t\t\t\t\t\t<div class=\"elementor-element elementor-element-2b1f00c elementor-widget elementor-widget-image\" data-id=\"2b1f00c\" data-element_type=\"widget\" data-e-type=\"widget\" data-widget_type=\"image.default\">\n\t\t\t\t<div class=\"elementor-widget-container\">\n\t\t\t\t\t\t\t\t\t\t\t\t<figure class=\"wp-caption\">\n\t\t\t\t\t\t\t\t\t\t\t<a href=\"http:\/\/jalbum.net\/de\/browse\/user\/album\/1730521\" target=\"_blank\">\n\t\t\t\t\t\t\t<img decoding=\"async\" src=\"http:\/\/evss.elo-vom-schwarzen-see.de\/wp-content\/uploads\/2019\/04\/01-Mutter-Banja-Bonny-.jpg\" title=\"\" alt=\"\" loading=\"lazy\" \/>\t\t\t\t\t\t\t\t<\/a>\n\t\t\t\t\t\t\t\t\t\t\t<figcaption class=\"widget-image-caption wp-caption-text\">Mit klick auf das Bild geht es zu Bonny's Album<\/figcaption>\n\t\t\t\t\t\t\t\t\t\t<\/figure>\n\t\t\t\t\t\t\t\t\t<\/div>\n\t\t\t\t<\/div>\n\t\t\t\t\t<\/div>\n\t\t<\/div>\n\t\t\t\t\t<\/div>\n\t\t<\/section>\n\t\t\t\t<\/div>\n\t\t","protected":false},"excerpt":{"rendered":"<p>Banja ( Bonny ) vom Schwarzen See Banja ( Bonny ) von der kleinen Oase * 20.01.1998 \u2020 19.04.2013 Gr\u00f6\u00dfe : 54 [&hellip;]<\/p>\n","protected":false},"author":1,"featured_media":0,"parent":241,"menu_order":0,"comment_status":"closed","ping_status":"closed","template":"page-templates\/page_fullwidth.php","meta":{"footnotes":""},"class_list":["post-499","page","type-page","status-publish","hentry"],"publishpress_future_action":{"enabled":false,"date":"2026-04-24 05:57:02","action":"change-status","newStatus":"draft","terms":[],"taxonomy":""},"publishpress_future_workflow_manual_trigger":{"enabledWorkflows":[]},"_links":{"self":[{"href":"https:\/\/elo-vom-schwarzen-see.de\/index.php?rest_route=\/wp\/v2\/pages\/499"}],"collection":[{"href":"https:\/\/elo-vom-schwarzen-see.de\/index.php?rest_route=\/wp\/v2\/pages"}],"about":[{"href":"https:\/\/elo-vom-schwarzen-see.de\/index.php?rest_route=\/wp\/v2\/types\/page"}],"author":[{"embeddable":true,"href":"https:\/\/elo-vom-schwarzen-see.de\/index.php?rest_route=\/wp\/v2\/users\/1"}],"replies":[{"embeddable":true,"href":"https:\/\/elo-vom-schwarzen-see.de\/index.php?rest_route=%2Fwp%2Fv2%2Fcomments&post=499"}],"version-history":[{"count":0,"href":"https:\/\/elo-vom-schwarzen-see.de\/index.php?rest_route=\/wp\/v2\/pages\/499\/revisions"}],"up":[{"embeddable":true,"href":"https:\/\/elo-vom-schwarzen-see.de\/index.php?rest_route=\/wp\/v2\/pages\/241"}],"wp:attachment":[{"href":"https:\/\/elo-vom-schwarzen-see.de\/index.php?rest_route=%2Fwp%2Fv2%2Fmedia&parent=499"}],"curies":[{"name":"wp","href":"https:\/\/api.w.org\/{rel}","templated":true}]}}