{"id":4484,"date":"2019-09-06T08:32:21","date_gmt":"2019-09-06T08:32:21","guid":{"rendered":"http:\/\/elo-vom-schwarzen-see.de\/?page_id=4484"},"modified":"2022-06-07T09:28:16","modified_gmt":"2022-06-07T09:28:16","slug":"videogalerie","status":"publish","type":"page","link":"https:\/\/elo-vom-schwarzen-see.de\/?page_id=4484","title":{"rendered":"Videogalerie"},"content":{"rendered":"\t\t<div data-elementor-type=\"wp-post\" data-elementor-id=\"4484\" class=\"elementor elementor-4484\">\n\t\t\t\t\t\t<section class=\"elementor-section elementor-top-section elementor-element elementor-element-678acc5 elementor-section-boxed elementor-section-height-default elementor-section-height-default\" data-id=\"678acc5\" data-element_type=\"section\" data-e-type=\"section\">\n\t\t\t\t\t\t<div class=\"elementor-container elementor-column-gap-default\">\n\t\t\t\t\t<div class=\"elementor-column elementor-col-100 elementor-top-column elementor-element elementor-element-59b6f19\" data-id=\"59b6f19\" data-element_type=\"column\" data-e-type=\"column\">\n\t\t\t<div class=\"elementor-widget-wrap elementor-element-populated\">\n\t\t\t\t\t\t<div class=\"elementor-element elementor-element-73e4649 elementor-widget elementor-widget-accordion\" data-id=\"73e4649\" data-element_type=\"widget\" data-e-type=\"widget\" data-widget_type=\"accordion.default\">\n\t\t\t\t<div class=\"elementor-widget-container\">\n\t\t\t\t\t\t\t<div class=\"elementor-accordion\">\n\t\t\t\t\t\t\t<div class=\"elementor-accordion-item\">\n\t\t\t\t\t<div id=\"elementor-tab-title-1211\" class=\"elementor-tab-title\" data-tab=\"1\" role=\"button\" aria-controls=\"elementor-tab-content-1211\" aria-expanded=\"false\">\n\t\t\t\t\t\t\t\t\t\t\t\t\t<span class=\"elementor-accordion-icon elementor-accordion-icon-left\" aria-hidden=\"true\">\n\t\t\t\t\t\t\t\t\t\t\t\t\t\t\t<span class=\"elementor-accordion-icon-closed\"><i class=\"fas fa-video\"><\/i><\/span>\n\t\t\t\t\t\t\t\t<span class=\"elementor-accordion-icon-opened\"><i class=\"fas fa-minus\"><\/i><\/span>\n\t\t\t\t\t\t\t\t\t\t\t\t\t\t<\/span>\n\t\t\t\t\t\t\t\t\t\t\t\t<a class=\"elementor-accordion-title\" tabindex=\"0\">Urlaub in D\u00e4nemark<\/a>\n\t\t\t\t\t<\/div>\n\t\t\t\t\t<div id=\"elementor-tab-content-1211\" class=\"elementor-tab-content elementor-clearfix\" data-tab=\"1\" role=\"region\" aria-labelledby=\"elementor-tab-title-1211\"><p>Unser Urlaub in D\u00e4nemark, Lokken mit Angelika, Viola, Rita, Christel und J\u00fcrgen sowie den ELO&#8217;s: Nikita, Basima, Sahila, Orika, Quanda, Iliaana, Omari und dem Caddledog Marty.\u00a0<\/p><p><strong><span style=\"color: #000000;\">Video 1:<\/span><\/strong><a href=\"http:\/\/elo-vom-schwarzen-see.de\/wp-content\/uploads\/2019\/09\/Strandspaziergang.mp4\" target=\"_blank\" rel=\"noopener\"><span style=\"color: #0000ff;\"><strong> Lokken, Strandspaziergang am 1. Urlaubstag<\/strong><\/span><\/a><\/p><p><strong><span style=\"color: #000000;\">Video 2:<\/span><\/strong><a href=\"http:\/\/elo-vom-schwarzen-see.de\/wp-content\/uploads\/2019\/09\/Skagen1.mp4\" target=\"_blank\" rel=\"noopener\">\u00a0<span style=\"color: #0000ff;\"><strong>Skagen, wo die Ostsee die Nordsee trifft.<\/strong><\/span><\/a><\/p><p><span style=\"color: #000000;\"><strong>Video 3:<a href=\"http:\/\/elo-vom-schwarzen-see.de\/wp-content\/uploads\/2019\/09\/Strandspaziergang%206-9.mp4\" target=\"_blank\" rel=\"noopener\"><span style=\"color: #0000ff;\"> Lokken, Strandspaziergang am letzten Urlaubstag<\/span><\/a><\/strong><\/span><\/p><p>Video 4: <a href=\"http:\/\/elo-vom-schwarzen-see.de\/wp-content\/uploads\/2019\/09\/Steilkueste.mp4\" target=\"_blank\" rel=\"noopener\"><strong><span style=\"color: #0000ff;\">Strand, gefilmt von der Steilk\u00fcste<\/span><\/strong><\/a><\/p><\/div>\n\t\t\t\t<\/div>\n\t\t\t\t\t\t\t\t<\/div>\n\t\t\t\t\t\t<\/div>\n\t\t\t\t<\/div>\n\t\t\t\t\t<\/div>\n\t\t<\/div>\n\t\t\t\t\t<\/div>\n\t\t<\/section>\n\t\t\t\t<section class=\"elementor-section elementor-top-section elementor-element elementor-element-c9092df elementor-section-boxed elementor-section-height-default elementor-section-height-default\" data-id=\"c9092df\" data-element_type=\"section\" data-e-type=\"section\" data-settings=\"{&quot;background_background&quot;:&quot;classic&quot;}\">\n\t\t\t\t\t\t<div class=\"elementor-container elementor-column-gap-default\">\n\t\t\t\t\t<div class=\"elementor-column elementor-col-25 elementor-top-column elementor-element elementor-element-d3f752e\" data-id=\"d3f752e\" data-element_type=\"column\" data-e-type=\"column\">\n\t\t\t<div class=\"elementor-widget-wrap elementor-element-populated\">\n\t\t\t\t\t\t<div class=\"elementor-element elementor-element-cbfe743 elementor-button-info elementor-align-center elementor-widget elementor-widget-button\" data-id=\"cbfe743\" data-element_type=\"widget\" data-e-type=\"widget\" data-widget_type=\"button.default\">\n\t\t\t\t<div class=\"elementor-widget-container\">\n\t\t\t\t\t\t\t\t\t<div class=\"elementor-button-wrapper\">\n\t\t\t\t\t<a class=\"elementor-button elementor-button-link elementor-size-sm\" href=\"http:\/\/elo-vom-schwarzen-see.de\/wp-content\/uploads\/2019\/09\/Strandspaziergang.mp4\" target=\"_blank\">\n\t\t\t\t\t\t<span class=\"elementor-button-content-wrapper\">\n\t\t\t\t\t\t<span class=\"elementor-button-icon\">\n\t\t\t\t<i aria-hidden=\"true\" class=\"fas fa-video\"><\/i>\t\t\t<\/span>\n\t\t\t\t\t\t\t\t\t<span class=\"elementor-button-text\">Video 1<\/span>\n\t\t\t\t\t<\/span>\n\t\t\t\t\t<\/a>\n\t\t\t\t<\/div>\n\t\t\t\t\t\t\t\t<\/div>\n\t\t\t\t<\/div>\n\t\t\t\t\t<\/div>\n\t\t<\/div>\n\t\t\t\t<div class=\"elementor-column elementor-col-25 elementor-top-column elementor-element elementor-element-2f494fc\" data-id=\"2f494fc\" data-element_type=\"column\" data-e-type=\"column\">\n\t\t\t<div class=\"elementor-widget-wrap elementor-element-populated\">\n\t\t\t\t\t\t<div class=\"elementor-element elementor-element-47540e8 elementor-align-center elementor-button-success elementor-widget elementor-widget-button\" data-id=\"47540e8\" data-element_type=\"widget\" data-e-type=\"widget\" data-widget_type=\"button.default\">\n\t\t\t\t<div class=\"elementor-widget-container\">\n\t\t\t\t\t\t\t\t\t<div class=\"elementor-button-wrapper\">\n\t\t\t\t\t<a class=\"elementor-button elementor-button-link elementor-size-sm\" href=\"http:\/\/elo-vom-schwarzen-see.de\/wp-content\/uploads\/2019\/09\/Skagen1.mp4\" target=\"_blank\">\n\t\t\t\t\t\t<span class=\"elementor-button-content-wrapper\">\n\t\t\t\t\t\t<span class=\"elementor-button-icon\">\n\t\t\t\t<i aria-hidden=\"true\" class=\"fas fa-video\"><\/i>\t\t\t<\/span>\n\t\t\t\t\t\t\t\t\t<span class=\"elementor-button-text\">Video 2<\/span>\n\t\t\t\t\t<\/span>\n\t\t\t\t\t<\/a>\n\t\t\t\t<\/div>\n\t\t\t\t\t\t\t\t<\/div>\n\t\t\t\t<\/div>\n\t\t\t\t\t<\/div>\n\t\t<\/div>\n\t\t\t\t<div class=\"elementor-column elementor-col-25 elementor-top-column elementor-element elementor-element-2dd93fa\" data-id=\"2dd93fa\" data-element_type=\"column\" data-e-type=\"column\">\n\t\t\t<div class=\"elementor-widget-wrap elementor-element-populated\">\n\t\t\t\t\t\t<div class=\"elementor-element elementor-element-f5b35af elementor-align-center elementor-button-warning elementor-widget elementor-widget-button\" data-id=\"f5b35af\" data-element_type=\"widget\" data-e-type=\"widget\" data-widget_type=\"button.default\">\n\t\t\t\t<div class=\"elementor-widget-container\">\n\t\t\t\t\t\t\t\t\t<div class=\"elementor-button-wrapper\">\n\t\t\t\t\t<a class=\"elementor-button elementor-button-link elementor-size-sm\" href=\"http:\/\/elo-vom-schwarzen-see.de\/wp-content\/uploads\/2019\/09\/Strandspaziergang%206-9.mp4\" target=\"_blank\">\n\t\t\t\t\t\t<span class=\"elementor-button-content-wrapper\">\n\t\t\t\t\t\t<span class=\"elementor-button-icon\">\n\t\t\t\t<i aria-hidden=\"true\" class=\"fas fa-video\"><\/i>\t\t\t<\/span>\n\t\t\t\t\t\t\t\t\t<span class=\"elementor-button-text\">Video 3<\/span>\n\t\t\t\t\t<\/span>\n\t\t\t\t\t<\/a>\n\t\t\t\t<\/div>\n\t\t\t\t\t\t\t\t<\/div>\n\t\t\t\t<\/div>\n\t\t\t\t\t<\/div>\n\t\t<\/div>\n\t\t\t\t<div class=\"elementor-column elementor-col-25 elementor-top-column elementor-element elementor-element-1a6fbe3\" data-id=\"1a6fbe3\" data-element_type=\"column\" data-e-type=\"column\">\n\t\t\t<div class=\"elementor-widget-wrap elementor-element-populated\">\n\t\t\t\t\t\t<div class=\"elementor-element elementor-element-74a41b8 elementor-align-center elementor-button-danger elementor-widget elementor-widget-button\" data-id=\"74a41b8\" data-element_type=\"widget\" data-e-type=\"widget\" data-widget_type=\"button.default\">\n\t\t\t\t<div class=\"elementor-widget-container\">\n\t\t\t\t\t\t\t\t\t<div class=\"elementor-button-wrapper\">\n\t\t\t\t\t<a class=\"elementor-button elementor-button-link elementor-size-sm\" href=\"http:\/\/elo-vom-schwarzen-see.de\/wp-content\/uploads\/2019\/09\/Steilkueste.mp4\" target=\"_blank\">\n\t\t\t\t\t\t<span class=\"elementor-button-content-wrapper\">\n\t\t\t\t\t\t<span class=\"elementor-button-icon\">\n\t\t\t\t<i aria-hidden=\"true\" class=\"fas fa-video\"><\/i>\t\t\t<\/span>\n\t\t\t\t\t\t\t\t\t<span class=\"elementor-button-text\">Video 4<\/span>\n\t\t\t\t\t<\/span>\n\t\t\t\t\t<\/a>\n\t\t\t\t<\/div>\n\t\t\t\t\t\t\t\t<\/div>\n\t\t\t\t<\/div>\n\t\t\t\t\t<\/div>\n\t\t<\/div>\n\t\t\t\t\t<\/div>\n\t\t<\/section>\n\t\t\t\t<\/div>\n\t\t","protected":false},"excerpt":{"rendered":"<p>Urlaub in D\u00e4nemark Unser Urlaub in D\u00e4nemark, Lokken mit Angelika, Viola, Rita, Christel und J\u00fcrgen sowie den ELO\u2019s: Nikita, Basima, Sahila, Orika, [&hellip;]<\/p>\n","protected":false},"author":1,"featured_media":0,"parent":0,"menu_order":0,"comment_status":"closed","ping_status":"closed","template":"","meta":{"footnotes":""},"class_list":["post-4484","page","type-page","status-publish","hentry"],"publishpress_future_action":{"enabled":false,"date":"2026-04-24 04:27:55","action":"change-status","newStatus":"draft","terms":[],"taxonomy":""},"publishpress_future_workflow_manual_trigger":{"enabledWorkflows":[]},"_links":{"self":[{"href":"https:\/\/elo-vom-schwarzen-see.de\/index.php?rest_route=\/wp\/v2\/pages\/4484"}],"collection":[{"href":"https:\/\/elo-vom-schwarzen-see.de\/index.php?rest_route=\/wp\/v2\/pages"}],"about":[{"href":"https:\/\/elo-vom-schwarzen-see.de\/index.php?rest_route=\/wp\/v2\/types\/page"}],"author":[{"embeddable":true,"href":"https:\/\/elo-vom-schwarzen-see.de\/index.php?rest_route=\/wp\/v2\/users\/1"}],"replies":[{"embeddable":true,"href":"https:\/\/elo-vom-schwarzen-see.de\/index.php?rest_route=%2Fwp%2Fv2%2Fcomments&post=4484"}],"version-history":[{"count":24,"href":"https:\/\/elo-vom-schwarzen-see.de\/index.php?rest_route=\/wp\/v2\/pages\/4484\/revisions"}],"predecessor-version":[{"id":5893,"href":"https:\/\/elo-vom-schwarzen-see.de\/index.php?rest_route=\/wp\/v2\/pages\/4484\/revisions\/5893"}],"wp:attachment":[{"href":"https:\/\/elo-vom-schwarzen-see.de\/index.php?rest_route=%2Fwp%2Fv2%2Fmedia&parent=4484"}],"curies":[{"name":"wp","href":"https:\/\/api.w.org\/{rel}","templated":true}]}}