{"id":3993,"date":"2019-05-27T08:31:27","date_gmt":"2019-05-27T08:31:27","guid":{"rendered":"http:\/\/evss.elo-vom-schwarzen-see.de\/?page_id=3993"},"modified":"2022-05-10T13:33:06","modified_gmt":"2022-05-10T13:33:06","slug":"impressum-disclaimer","status":"publish","type":"page","link":"https:\/\/elo-vom-schwarzen-see.de\/?page_id=3993","title":{"rendered":"Impressum \/ Disclaimer"},"content":{"rendered":"\t\t<div data-elementor-type=\"wp-post\" data-elementor-id=\"3993\" class=\"elementor elementor-3993\">\n\t\t\t\t\t\t<section class=\"elementor-section elementor-top-section elementor-element elementor-element-8689da1 elementor-section-boxed elementor-section-height-default elementor-section-height-default\" data-id=\"8689da1\" data-element_type=\"section\" data-e-type=\"section\">\n\t\t\t\t\t\t<div class=\"elementor-container elementor-column-gap-default\">\n\t\t\t\t\t<div class=\"elementor-column elementor-col-100 elementor-top-column elementor-element elementor-element-a1e9764\" data-id=\"a1e9764\" data-element_type=\"column\" data-e-type=\"column\">\n\t\t\t<div class=\"elementor-widget-wrap elementor-element-populated\">\n\t\t\t\t\t\t<div class=\"elementor-element elementor-element-4dc0b2d elementor-widget elementor-widget-text-editor\" data-id=\"4dc0b2d\" data-element_type=\"widget\" data-e-type=\"widget\" data-widget_type=\"text-editor.default\">\n\t\t\t\t<div class=\"elementor-widget-container\">\n\t\t\t\t\t\t\t\t\t<p><strong><span style=\"font-size: 14pt; color: #000000;\">Impressum<\/span><\/strong><\/p><p><span style=\"text-decoration: underline;\"><span style=\"color: #000000; text-decoration: underline;\">Angaben gem\u00e4\u00df \u00a7 5 TMG<\/span><\/span><\/p><p><span style=\"color: #000000;\">Christel Pawlaczyk<\/span><br \/><span style=\"color: #000000;\">Charlottenweg 1<\/span><br \/><span style=\"color: #000000;\">30827 Garbsen<\/span><br \/><span style=\"color: #000000;\">Kontakt<\/span><br \/><span style=\"color: #000000;\">Telefon: 05131 8690<\/span><br \/><span style=\"color: #000000;\">E-Mail: elo@elo-vom-schwarzen-see.de<\/span><\/p><p><span style=\"color: #000000;\">Haftung f\u00fcr Inhalte<\/span><br \/><span style=\"color: #000000;\">Als Diensteanbieter sind wir gem\u00e4\u00df \u00a7 7 Abs.1 TMG f\u00fcr eigene Inhalte auf diesen Seiten nach den<\/span><br \/><span style=\"color: #000000;\">allgemeinen Gesetzen verantwortlich. Nach \u00a7\u00a7 8 bis 10 TMG sind wir als Diensteanbieter jedoch nicht<\/span><br \/><span style=\"color: #000000;\">verpflichtet, \u00fcbermittelte oder gespeicherte fremde Informationen zu \u00fcberwachen oder nach Umst\u00e4nden zu<\/span><br \/><span style=\"color: #000000;\">forschen, die auf eine rechtswidrige T\u00e4tigkeit hinweisen.<\/span><br \/><span style=\"color: #000000;\">Verpflichtungen zur Entfernung oder Sperrung der Nutzung von Informationen nach den allgemeinen<\/span><br \/><span style=\"color: #000000;\">Gesetzen bleiben hiervon unber\u00fchrt. Eine diesbez\u00fcgliche Haftung ist jedoch erst ab dem Zeitpunkt der<\/span><br \/><span style=\"color: #000000;\">Kenntnis einer konkreten Rechtsverletzung m\u00f6glich. Bei Bekanntwerden von entsprechenden<\/span><br \/><span style=\"color: #000000;\">Rechtsverletzungen werden wir diese Inhalte umgehend entfernen.<\/span><br \/><span style=\"color: #000000;\">Haftung f\u00fcr Links<\/span><br \/><span style=\"color: #000000;\">Unser Angebot enth\u00e4lt Links zu externen Websites Dritter, auf deren Inhalte wir keinen Einfluss haben.<\/span><br \/><span style=\"color: #000000;\">Deshalb k\u00f6nnen wir f\u00fcr diese fremden Inhalte auch keine Gew\u00e4hr \u00fcbernehmen. F\u00fcr die Inhalte der<\/span><br \/><span style=\"color: #000000;\">verlinkten Seiten ist stets der jeweilige Anbieter oder Betreiber der Seiten verantwortlich. Die verlinkten<\/span><br \/><span style=\"color: #000000;\">Seiten wurden zum Zeitpunkt der Verlinkung auf m\u00f6gliche Rechtsverst\u00f6\u00dfe \u00fcberpr\u00fcft. Rechtswidrige Inhalte<\/span><br \/><span style=\"color: #000000;\">waren zum Zeitpunkt der Verlinkung nicht erkennbar.<\/span><br \/><span style=\"color: #000000;\">Eine permanente inhaltliche Kontrolle der verlinkten Seiten ist jedoch ohne konkrete Anhaltspunkte einer<\/span><br \/><span style=\"color: #000000;\">Rechtsverletzung nicht zumutbar. Bei Bekanntwerden von Rechtsverletzungen werden wir derartige Links<\/span><br \/><span style=\"color: #000000;\">umgehend entfernen.<\/span><br \/><span style=\"color: #000000;\">Urheberrecht<\/span><br \/><span style=\"color: #000000;\">2 \/ 4<\/span><br \/><span style=\"color: #000000;\">Die durch die Seitenbetreiber erstellten Inhalte und Werke auf diesen Seiten unterliegen dem deutschen<\/span><br \/><span style=\"color: #000000;\">Urheberrecht. Die Vervielf\u00e4ltigung, Bearbeitung, Verbreitung und jede Art der Verwertung au\u00dferhalb der<\/span><br \/><span style=\"color: #000000;\">Grenzen des Urheberrechtes bed\u00fcrfen der schriftlichen Zustimmung des jeweiligen Autors bzw. Erstellers.<\/span><br \/><span style=\"color: #000000;\">Downloads und Kopien dieser Seite sind nur f\u00fcr den privaten, nicht kommerziellen Gebrauch gestattet.<\/span><br \/><span style=\"color: #000000;\">Soweit die Inhalte auf dieser Seite nicht vom Betreiber erstellt wurden, werden die Urheberrechte Dritter<\/span><br \/><span style=\"color: #000000;\">beachtet. Insbesondere werden Inhalte Dritter als solche gekennzeichnet. Sollten Sie trotzdem auf eine<\/span><br \/><span style=\"color: #000000;\">Urheberrechtsverletzung aufmerksam werden, bitten wir um einen entsprechenden Hinweis. Bei<\/span><br \/><span style=\"color: #000000;\">Bekanntwerden von Rechtsverletzungen werden wir derartige Inhalte umgehend entfernen.<\/span><br \/><span style=\"color: #000000;\"><br \/><\/span><\/p><p><span style=\"color: #000000;\">Quelle:<\/span><br \/><span style=\"color: #000000;\">eRecht24<\/span><\/p>\t\t\t\t\t\t\t\t<\/div>\n\t\t\t\t<\/div>\n\t\t\t\t\t<\/div>\n\t\t<\/div>\n\t\t\t\t\t<\/div>\n\t\t<\/section>\n\t\t\t\t<\/div>\n\t\t","protected":false},"excerpt":{"rendered":"<p>Impressum Angaben gem\u00e4\u00df \u00a7 5 TMG Christel Pawlaczyk Charlottenweg 1 30827 Garbsen Kontakt Telefon: 05131 8690 E-Mail: elo@elo-vom-schwarzen-see.de Haftung f\u00fcr Inhalte Als [&hellip;]<\/p>\n","protected":false},"author":1,"featured_media":0,"parent":0,"menu_order":0,"comment_status":"closed","ping_status":"closed","template":"page-templates\/page_fullwidth.php","meta":{"footnotes":""},"class_list":["post-3993","page","type-page","status-publish","hentry"],"publishpress_future_action":{"enabled":false,"date":"2026-05-07 23:15:59","action":"change-status","newStatus":"draft","terms":[],"taxonomy":""},"publishpress_future_workflow_manual_trigger":{"enabledWorkflows":[]},"_links":{"self":[{"href":"https:\/\/elo-vom-schwarzen-see.de\/index.php?rest_route=\/wp\/v2\/pages\/3993"}],"collection":[{"href":"https:\/\/elo-vom-schwarzen-see.de\/index.php?rest_route=\/wp\/v2\/pages"}],"about":[{"href":"https:\/\/elo-vom-schwarzen-see.de\/index.php?rest_route=\/wp\/v2\/types\/page"}],"author":[{"embeddable":true,"href":"https:\/\/elo-vom-schwarzen-see.de\/index.php?rest_route=\/wp\/v2\/users\/1"}],"replies":[{"embeddable":true,"href":"https:\/\/elo-vom-schwarzen-see.de\/index.php?rest_route=%2Fwp%2Fv2%2Fcomments&post=3993"}],"version-history":[{"count":4,"href":"https:\/\/elo-vom-schwarzen-see.de\/index.php?rest_route=\/wp\/v2\/pages\/3993\/revisions"}],"predecessor-version":[{"id":5660,"href":"https:\/\/elo-vom-schwarzen-see.de\/index.php?rest_route=\/wp\/v2\/pages\/3993\/revisions\/5660"}],"wp:attachment":[{"href":"https:\/\/elo-vom-schwarzen-see.de\/index.php?rest_route=%2Fwp%2Fv2%2Fmedia&parent=3993"}],"curies":[{"name":"wp","href":"https:\/\/api.w.org\/{rel}","templated":true}]}}